{"id":30350,"date":"2026-01-31T01:12:22","date_gmt":"2026-01-31T01:12:22","guid":{"rendered":"https:\/\/jairoperfumes.com\/?post_type=product&#038;p=30350"},"modified":"2026-01-31T01:12:22","modified_gmt":"2026-01-31T01:12:22","slug":"ahli-karpos","status":"publish","type":"product","link":"https:\/\/jairoperfumes.com\/en\/product\/ahli-karpos\/","title":{"rendered":"Ahli Karpos"},"content":{"rendered":"<p><span data-sheets-root=\"1\">Ahli Karpos es un perfume unisex de tipo Eau de Parfum (60 ml) que ofrece una experiencia olfativa dulce, tropical y amaderada, caracterizado por una alta fijaci\u00f3n y proyecci\u00f3n. Destaca por sus notas predominantes de mango, c\u00edtricos y jengibre, evocado un ambiente ex\u00f3tico y lujoso. Es ideal para ocasiones especiales y uso vers\u00e1til. <\/span><\/p>","protected":false},"excerpt":{"rendered":"<p>Ahli Karpos es un perfume unisex de tipo Eau de Parfum (60 ml) que ofrece una experiencia olfativa dulce, tropical<\/p>","protected":false},"featured_media":30351,"template":"","meta":{"_eb_attr":""},"product_brand":[],"product_cat":[413,416,409,417,421,411,419],"product_tag":[],"class_list":{"0":"post-30350","1":"product","2":"type-product","3":"status-publish","4":"has-post-thumbnail","6":"product_cat-dulces","7":"product_cat-frutales","8":"product_cat-hombre","9":"product_cat-mujer","10":"product_cat-ofertas","11":"product_cat-perfumes-mas-vendidos","12":"product_cat-unisex","14":"first","15":"instock","16":"sale","17":"shipping-taxable","18":"purchasable","19":"product-type-simple"},"yoast_head":"<!-- This site is optimized with the Yoast SEO plugin v27.1.1 - https:\/\/yoast.com\/product\/yoast-seo-wordpress\/ -->\n<title>Ahli Karpos - Jairo<\/title>\n<meta name=\"robots\" content=\"index, follow, max-snippet:-1, max-image-preview:large, max-video-preview:-1\" \/>\n<link rel=\"canonical\" href=\"https:\/\/jairoperfumes.com\/en\/product\/ahli-karpos\/\" \/>\n<meta property=\"og:locale\" content=\"en_US\" \/>\n<meta property=\"og:type\" content=\"article\" \/>\n<meta property=\"og:title\" content=\"Ahli Karpos - Jairo\" \/>\n<meta property=\"og:description\" content=\"Ahli Karpos es un perfume unisex de tipo Eau de Parfum (60 ml) que ofrece una experiencia olfativa dulce, tropical\" \/>\n<meta property=\"og:url\" content=\"https:\/\/jairoperfumes.com\/en\/product\/ahli-karpos\/\" \/>\n<meta property=\"og:site_name\" content=\"Jairo\" \/>\n<meta property=\"og:image\" content=\"https:\/\/jairoperfumes.com\/wp68\/wp-content\/uploads\/2026\/01\/AHLI-Karpos-2_0-oz-EDP-Unisex.jpg\" \/>\n\t<meta property=\"og:image:width\" content=\"645\" \/>\n\t<meta property=\"og:image:height\" content=\"645\" \/>\n\t<meta property=\"og:image:type\" content=\"image\/jpeg\" \/>\n<meta name=\"twitter:card\" content=\"summary_large_image\" \/>\n<meta name=\"twitter:label1\" content=\"Est. reading time\" \/>\n\t<meta name=\"twitter:data1\" content=\"1 minute\" \/>\n<script type=\"application\/ld+json\" class=\"yoast-schema-graph\">{\"@context\":\"https:\/\/schema.org\",\"@graph\":[{\"@type\":\"WebPage\",\"@id\":\"https:\/\/jairoperfumes.com\/producto\/ahli-karpos\/\",\"url\":\"https:\/\/jairoperfumes.com\/producto\/ahli-karpos\/\",\"name\":\"Ahli Karpos - Jairo\",\"isPartOf\":{\"@id\":\"https:\/\/jairoperfumes.com\/#website\"},\"primaryImageOfPage\":{\"@id\":\"https:\/\/jairoperfumes.com\/producto\/ahli-karpos\/#primaryimage\"},\"image\":{\"@id\":\"https:\/\/jairoperfumes.com\/producto\/ahli-karpos\/#primaryimage\"},\"thumbnailUrl\":\"https:\/\/jairoperfumes.com\/wp68\/wp-content\/uploads\/2026\/01\/AHLI-Karpos-2_0-oz-EDP-Unisex.jpg\",\"datePublished\":\"2026-01-31T01:12:22+00:00\",\"breadcrumb\":{\"@id\":\"https:\/\/jairoperfumes.com\/producto\/ahli-karpos\/#breadcrumb\"},\"inLanguage\":\"en-US\",\"potentialAction\":[{\"@type\":\"ReadAction\",\"target\":[\"https:\/\/jairoperfumes.com\/producto\/ahli-karpos\/\"]}]},{\"@type\":\"ImageObject\",\"inLanguage\":\"en-US\",\"@id\":\"https:\/\/jairoperfumes.com\/producto\/ahli-karpos\/#primaryimage\",\"url\":\"https:\/\/jairoperfumes.com\/wp68\/wp-content\/uploads\/2026\/01\/AHLI-Karpos-2_0-oz-EDP-Unisex.jpg\",\"contentUrl\":\"https:\/\/jairoperfumes.com\/wp68\/wp-content\/uploads\/2026\/01\/AHLI-Karpos-2_0-oz-EDP-Unisex.jpg\",\"width\":645,\"height\":645},{\"@type\":\"BreadcrumbList\",\"@id\":\"https:\/\/jairoperfumes.com\/producto\/ahli-karpos\/#breadcrumb\",\"itemListElement\":[{\"@type\":\"ListItem\",\"position\":1,\"name\":\"Portada\",\"item\":\"https:\/\/jairoperfumes.com\/\"},{\"@type\":\"ListItem\",\"position\":2,\"name\":\"Tienda\",\"item\":\"https:\/\/jairoperfumes.com\/tienda\/\"},{\"@type\":\"ListItem\",\"position\":3,\"name\":\"Ahli Karpos\"}]},{\"@type\":\"WebSite\",\"@id\":\"https:\/\/jairoperfumes.com\/#website\",\"url\":\"https:\/\/jairoperfumes.com\/\",\"name\":\"Jairo Perfumes\",\"description\":\"Perfumes\",\"potentialAction\":[{\"@type\":\"SearchAction\",\"target\":{\"@type\":\"EntryPoint\",\"urlTemplate\":\"https:\/\/jairoperfumes.com\/?s={search_term_string}\"},\"query-input\":{\"@type\":\"PropertyValueSpecification\",\"valueRequired\":true,\"valueName\":\"search_term_string\"}}],\"inLanguage\":\"en-US\"}]}<\/script>\n<!-- \/ Yoast SEO plugin. -->","yoast_head_json":{"title":"Ahli Karpos - Jairo","robots":{"index":"index","follow":"follow","max-snippet":"max-snippet:-1","max-image-preview":"max-image-preview:large","max-video-preview":"max-video-preview:-1"},"canonical":"https:\/\/jairoperfumes.com\/en\/product\/ahli-karpos\/","og_locale":"en_US","og_type":"article","og_title":"Ahli Karpos - Jairo","og_description":"Ahli Karpos es un perfume unisex de tipo Eau de Parfum (60 ml) que ofrece una experiencia olfativa dulce, tropical","og_url":"https:\/\/jairoperfumes.com\/en\/product\/ahli-karpos\/","og_site_name":"Jairo","og_image":[{"width":645,"height":645,"url":"https:\/\/jairoperfumes.com\/wp68\/wp-content\/uploads\/2026\/01\/AHLI-Karpos-2_0-oz-EDP-Unisex.jpg","type":"image\/jpeg"}],"twitter_card":"summary_large_image","twitter_misc":{"Est. reading time":"1 minute"},"schema":{"@context":"https:\/\/schema.org","@graph":[{"@type":"WebPage","@id":"https:\/\/jairoperfumes.com\/producto\/ahli-karpos\/","url":"https:\/\/jairoperfumes.com\/producto\/ahli-karpos\/","name":"Ahli Karpos - Jairo","isPartOf":{"@id":"https:\/\/jairoperfumes.com\/#website"},"primaryImageOfPage":{"@id":"https:\/\/jairoperfumes.com\/producto\/ahli-karpos\/#primaryimage"},"image":{"@id":"https:\/\/jairoperfumes.com\/producto\/ahli-karpos\/#primaryimage"},"thumbnailUrl":"https:\/\/jairoperfumes.com\/wp68\/wp-content\/uploads\/2026\/01\/AHLI-Karpos-2_0-oz-EDP-Unisex.jpg","datePublished":"2026-01-31T01:12:22+00:00","breadcrumb":{"@id":"https:\/\/jairoperfumes.com\/producto\/ahli-karpos\/#breadcrumb"},"inLanguage":"en-US","potentialAction":[{"@type":"ReadAction","target":["https:\/\/jairoperfumes.com\/producto\/ahli-karpos\/"]}]},{"@type":"ImageObject","inLanguage":"en-US","@id":"https:\/\/jairoperfumes.com\/producto\/ahli-karpos\/#primaryimage","url":"https:\/\/jairoperfumes.com\/wp68\/wp-content\/uploads\/2026\/01\/AHLI-Karpos-2_0-oz-EDP-Unisex.jpg","contentUrl":"https:\/\/jairoperfumes.com\/wp68\/wp-content\/uploads\/2026\/01\/AHLI-Karpos-2_0-oz-EDP-Unisex.jpg","width":645,"height":645},{"@type":"BreadcrumbList","@id":"https:\/\/jairoperfumes.com\/producto\/ahli-karpos\/#breadcrumb","itemListElement":[{"@type":"ListItem","position":1,"name":"Portada","item":"https:\/\/jairoperfumes.com\/"},{"@type":"ListItem","position":2,"name":"Tienda","item":"https:\/\/jairoperfumes.com\/tienda\/"},{"@type":"ListItem","position":3,"name":"Ahli Karpos"}]},{"@type":"WebSite","@id":"https:\/\/jairoperfumes.com\/#website","url":"https:\/\/jairoperfumes.com\/","name":"Jairo Perfumes","description":"Perfumes","potentialAction":[{"@type":"SearchAction","target":{"@type":"EntryPoint","urlTemplate":"https:\/\/jairoperfumes.com\/?s={search_term_string}"},"query-input":{"@type":"PropertyValueSpecification","valueRequired":true,"valueName":"search_term_string"}}],"inLanguage":"en-US"}]}},"_links":{"self":[{"href":"https:\/\/jairoperfumes.com\/en\/wp-json\/wp\/v2\/product\/30350","targetHints":{"allow":["GET"]}}],"collection":[{"href":"https:\/\/jairoperfumes.com\/en\/wp-json\/wp\/v2\/product"}],"about":[{"href":"https:\/\/jairoperfumes.com\/en\/wp-json\/wp\/v2\/types\/product"}],"version-history":[{"count":1,"href":"https:\/\/jairoperfumes.com\/en\/wp-json\/wp\/v2\/product\/30350\/revisions"}],"predecessor-version":[{"id":30353,"href":"https:\/\/jairoperfumes.com\/en\/wp-json\/wp\/v2\/product\/30350\/revisions\/30353"}],"wp:featuredmedia":[{"embeddable":true,"href":"https:\/\/jairoperfumes.com\/en\/wp-json\/wp\/v2\/media\/30351"}],"wp:attachment":[{"href":"https:\/\/jairoperfumes.com\/en\/wp-json\/wp\/v2\/media?parent=30350"}],"wp:term":[{"taxonomy":"product_brand","embeddable":true,"href":"https:\/\/jairoperfumes.com\/en\/wp-json\/wp\/v2\/product_brand?post=30350"},{"taxonomy":"product_cat","embeddable":true,"href":"https:\/\/jairoperfumes.com\/en\/wp-json\/wp\/v2\/product_cat?post=30350"},{"taxonomy":"product_tag","embeddable":true,"href":"https:\/\/jairoperfumes.com\/en\/wp-json\/wp\/v2\/product_tag?post=30350"}],"curies":[{"name":"wp","href":"https:\/\/api.w.org\/{rel}","templated":true}]}}