{"id":29649,"date":"2026-01-06T16:18:24","date_gmt":"2026-01-06T16:18:24","guid":{"rendered":"https:\/\/jairoperfumes.com\/producto\/asad-bourbon-lattafa-100-ml\/"},"modified":"2026-01-30T23:00:20","modified_gmt":"2026-01-30T23:00:20","slug":"asad-bourbon-lattafa-100-ml","status":"publish","type":"product","link":"https:\/\/jairoperfumes.com\/en\/product\/asad-bourbon-lattafa-100-ml\/","title":{"rendered":"Asad Bourbon Lattafa 100 ML"},"content":{"rendered":"<p>Lattafa Asad Bourbon es un perfume oriental especiado para hombres, lanzado en 2025, que ofrece una fragancia sofisticada y audaz con notas de salida de lavanda, ciruela mirabel y pimienta rosa; un coraz\u00f3n de cacao, nuez moscada y davana; y un fondo c\u00e1lido de vainilla bourbon, \u00e1mbar y vetiver, creando una mezcla adictiva de dulzura, especias y maderas, ideal para ocasiones especiales y climas frescos. Es conocido por su car\u00e1cter elegante y su estela envolvente, destacando por ser una fragancia gourmand y especiada que evoca opulencia y distinci\u00f3n. Cantidad: 3.4 onzas \/ 100 ml<\/p>","protected":false},"excerpt":{"rendered":"<p>Lattafa Asad Bourbon es un perfume oriental especiado para hombres, lanzado en 2025, que ofrece una fragancia sofisticada y audaz<\/p>","protected":false},"featured_media":29745,"template":"","meta":{"_eb_attr":""},"product_brand":[],"product_cat":[414,413,409,421,411],"product_tag":[364,379,366,360],"class_list":{"0":"post-29649","1":"product","2":"type-product","3":"status-publish","4":"has-post-thumbnail","6":"product_cat-amaderados","7":"product_cat-dulces","8":"product_cat-hombre","9":"product_cat-ofertas","10":"product_cat-perfumes-mas-vendidos","11":"product_tag-amaderados","12":"product_tag-citricos","13":"product_tag-floral-frutales","14":"product_tag-frescos","16":"first","17":"instock","18":"shipping-taxable","19":"purchasable","20":"product-type-simple"},"yoast_head":"<!-- This site is optimized with the Yoast SEO plugin v27.1.1 - https:\/\/yoast.com\/product\/yoast-seo-wordpress\/ -->\n<title>Asad Bourbon Lattafa 100 ML - Jairo<\/title>\n<meta name=\"robots\" content=\"index, follow, max-snippet:-1, max-image-preview:large, max-video-preview:-1\" \/>\n<link rel=\"canonical\" href=\"https:\/\/jairoperfumes.com\/en\/product\/asad-bourbon-lattafa-100-ml\/\" \/>\n<meta property=\"og:locale\" content=\"en_US\" \/>\n<meta property=\"og:type\" content=\"article\" \/>\n<meta property=\"og:title\" content=\"Asad Bourbon Lattafa 100 ML - Jairo\" \/>\n<meta property=\"og:description\" content=\"Lattafa Asad Bourbon es un perfume oriental especiado para hombres, lanzado en 2025, que ofrece una fragancia sofisticada y audaz\" \/>\n<meta property=\"og:url\" content=\"https:\/\/jairoperfumes.com\/en\/product\/asad-bourbon-lattafa-100-ml\/\" \/>\n<meta property=\"og:site_name\" content=\"Jairo\" \/>\n<meta property=\"article:modified_time\" content=\"2026-01-30T23:00:20+00:00\" \/>\n<meta property=\"og:image\" content=\"https:\/\/jairoperfumes.com\/wp68\/wp-content\/uploads\/2026\/01\/Diseno_sin_titulo__53_-removebg-preview.png\" \/>\n\t<meta property=\"og:image:width\" content=\"500\" \/>\n\t<meta property=\"og:image:height\" content=\"500\" \/>\n\t<meta property=\"og:image:type\" content=\"image\/png\" \/>\n<meta name=\"twitter:card\" content=\"summary_large_image\" \/>\n<meta name=\"twitter:label1\" content=\"Est. reading time\" \/>\n\t<meta name=\"twitter:data1\" content=\"1 minute\" \/>\n<script type=\"application\/ld+json\" class=\"yoast-schema-graph\">{\"@context\":\"https:\/\/schema.org\",\"@graph\":[{\"@type\":\"WebPage\",\"@id\":\"https:\/\/jairoperfumes.com\/producto\/asad-bourbon-lattafa-100-ml\/\",\"url\":\"https:\/\/jairoperfumes.com\/producto\/asad-bourbon-lattafa-100-ml\/\",\"name\":\"Asad Bourbon Lattafa 100 ML - Jairo\",\"isPartOf\":{\"@id\":\"https:\/\/jairoperfumes.com\/#website\"},\"primaryImageOfPage\":{\"@id\":\"https:\/\/jairoperfumes.com\/producto\/asad-bourbon-lattafa-100-ml\/#primaryimage\"},\"image\":{\"@id\":\"https:\/\/jairoperfumes.com\/producto\/asad-bourbon-lattafa-100-ml\/#primaryimage\"},\"thumbnailUrl\":\"https:\/\/jairoperfumes.com\/wp68\/wp-content\/uploads\/2026\/01\/Diseno_sin_titulo__53_-removebg-preview.png\",\"datePublished\":\"2026-01-06T16:18:24+00:00\",\"dateModified\":\"2026-01-30T23:00:20+00:00\",\"breadcrumb\":{\"@id\":\"https:\/\/jairoperfumes.com\/producto\/asad-bourbon-lattafa-100-ml\/#breadcrumb\"},\"inLanguage\":\"en-US\",\"potentialAction\":[{\"@type\":\"ReadAction\",\"target\":[\"https:\/\/jairoperfumes.com\/producto\/asad-bourbon-lattafa-100-ml\/\"]}]},{\"@type\":\"ImageObject\",\"inLanguage\":\"en-US\",\"@id\":\"https:\/\/jairoperfumes.com\/producto\/asad-bourbon-lattafa-100-ml\/#primaryimage\",\"url\":\"https:\/\/jairoperfumes.com\/wp68\/wp-content\/uploads\/2026\/01\/Diseno_sin_titulo__53_-removebg-preview.png\",\"contentUrl\":\"https:\/\/jairoperfumes.com\/wp68\/wp-content\/uploads\/2026\/01\/Diseno_sin_titulo__53_-removebg-preview.png\",\"width\":500,\"height\":500},{\"@type\":\"BreadcrumbList\",\"@id\":\"https:\/\/jairoperfumes.com\/producto\/asad-bourbon-lattafa-100-ml\/#breadcrumb\",\"itemListElement\":[{\"@type\":\"ListItem\",\"position\":1,\"name\":\"Portada\",\"item\":\"https:\/\/jairoperfumes.com\/\"},{\"@type\":\"ListItem\",\"position\":2,\"name\":\"Tienda\",\"item\":\"https:\/\/jairoperfumes.com\/tienda\/\"},{\"@type\":\"ListItem\",\"position\":3,\"name\":\"Asad Bourbon Lattafa 100 ML\"}]},{\"@type\":\"WebSite\",\"@id\":\"https:\/\/jairoperfumes.com\/#website\",\"url\":\"https:\/\/jairoperfumes.com\/\",\"name\":\"Jairo Perfumes\",\"description\":\"Perfumes\",\"potentialAction\":[{\"@type\":\"SearchAction\",\"target\":{\"@type\":\"EntryPoint\",\"urlTemplate\":\"https:\/\/jairoperfumes.com\/?s={search_term_string}\"},\"query-input\":{\"@type\":\"PropertyValueSpecification\",\"valueRequired\":true,\"valueName\":\"search_term_string\"}}],\"inLanguage\":\"en-US\"}]}<\/script>\n<!-- \/ Yoast SEO plugin. -->","yoast_head_json":{"title":"Asad Bourbon Lattafa 100 ML - Jairo","robots":{"index":"index","follow":"follow","max-snippet":"max-snippet:-1","max-image-preview":"max-image-preview:large","max-video-preview":"max-video-preview:-1"},"canonical":"https:\/\/jairoperfumes.com\/en\/product\/asad-bourbon-lattafa-100-ml\/","og_locale":"en_US","og_type":"article","og_title":"Asad Bourbon Lattafa 100 ML - Jairo","og_description":"Lattafa Asad Bourbon es un perfume oriental especiado para hombres, lanzado en 2025, que ofrece una fragancia sofisticada y audaz","og_url":"https:\/\/jairoperfumes.com\/en\/product\/asad-bourbon-lattafa-100-ml\/","og_site_name":"Jairo","article_modified_time":"2026-01-30T23:00:20+00:00","og_image":[{"width":500,"height":500,"url":"https:\/\/jairoperfumes.com\/wp68\/wp-content\/uploads\/2026\/01\/Diseno_sin_titulo__53_-removebg-preview.png","type":"image\/png"}],"twitter_card":"summary_large_image","twitter_misc":{"Est. reading time":"1 minute"},"schema":{"@context":"https:\/\/schema.org","@graph":[{"@type":"WebPage","@id":"https:\/\/jairoperfumes.com\/producto\/asad-bourbon-lattafa-100-ml\/","url":"https:\/\/jairoperfumes.com\/producto\/asad-bourbon-lattafa-100-ml\/","name":"Asad Bourbon Lattafa 100 ML - Jairo","isPartOf":{"@id":"https:\/\/jairoperfumes.com\/#website"},"primaryImageOfPage":{"@id":"https:\/\/jairoperfumes.com\/producto\/asad-bourbon-lattafa-100-ml\/#primaryimage"},"image":{"@id":"https:\/\/jairoperfumes.com\/producto\/asad-bourbon-lattafa-100-ml\/#primaryimage"},"thumbnailUrl":"https:\/\/jairoperfumes.com\/wp68\/wp-content\/uploads\/2026\/01\/Diseno_sin_titulo__53_-removebg-preview.png","datePublished":"2026-01-06T16:18:24+00:00","dateModified":"2026-01-30T23:00:20+00:00","breadcrumb":{"@id":"https:\/\/jairoperfumes.com\/producto\/asad-bourbon-lattafa-100-ml\/#breadcrumb"},"inLanguage":"en-US","potentialAction":[{"@type":"ReadAction","target":["https:\/\/jairoperfumes.com\/producto\/asad-bourbon-lattafa-100-ml\/"]}]},{"@type":"ImageObject","inLanguage":"en-US","@id":"https:\/\/jairoperfumes.com\/producto\/asad-bourbon-lattafa-100-ml\/#primaryimage","url":"https:\/\/jairoperfumes.com\/wp68\/wp-content\/uploads\/2026\/01\/Diseno_sin_titulo__53_-removebg-preview.png","contentUrl":"https:\/\/jairoperfumes.com\/wp68\/wp-content\/uploads\/2026\/01\/Diseno_sin_titulo__53_-removebg-preview.png","width":500,"height":500},{"@type":"BreadcrumbList","@id":"https:\/\/jairoperfumes.com\/producto\/asad-bourbon-lattafa-100-ml\/#breadcrumb","itemListElement":[{"@type":"ListItem","position":1,"name":"Portada","item":"https:\/\/jairoperfumes.com\/"},{"@type":"ListItem","position":2,"name":"Tienda","item":"https:\/\/jairoperfumes.com\/tienda\/"},{"@type":"ListItem","position":3,"name":"Asad Bourbon Lattafa 100 ML"}]},{"@type":"WebSite","@id":"https:\/\/jairoperfumes.com\/#website","url":"https:\/\/jairoperfumes.com\/","name":"Jairo Perfumes","description":"Perfumes","potentialAction":[{"@type":"SearchAction","target":{"@type":"EntryPoint","urlTemplate":"https:\/\/jairoperfumes.com\/?s={search_term_string}"},"query-input":{"@type":"PropertyValueSpecification","valueRequired":true,"valueName":"search_term_string"}}],"inLanguage":"en-US"}]}},"_links":{"self":[{"href":"https:\/\/jairoperfumes.com\/en\/wp-json\/wp\/v2\/product\/29649","targetHints":{"allow":["GET"]}}],"collection":[{"href":"https:\/\/jairoperfumes.com\/en\/wp-json\/wp\/v2\/product"}],"about":[{"href":"https:\/\/jairoperfumes.com\/en\/wp-json\/wp\/v2\/types\/product"}],"version-history":[{"count":1,"href":"https:\/\/jairoperfumes.com\/en\/wp-json\/wp\/v2\/product\/29649\/revisions"}],"predecessor-version":[{"id":29658,"href":"https:\/\/jairoperfumes.com\/en\/wp-json\/wp\/v2\/product\/29649\/revisions\/29658"}],"wp:featuredmedia":[{"embeddable":true,"href":"https:\/\/jairoperfumes.com\/en\/wp-json\/wp\/v2\/media\/29745"}],"wp:attachment":[{"href":"https:\/\/jairoperfumes.com\/en\/wp-json\/wp\/v2\/media?parent=29649"}],"wp:term":[{"taxonomy":"product_brand","embeddable":true,"href":"https:\/\/jairoperfumes.com\/en\/wp-json\/wp\/v2\/product_brand?post=29649"},{"taxonomy":"product_cat","embeddable":true,"href":"https:\/\/jairoperfumes.com\/en\/wp-json\/wp\/v2\/product_cat?post=29649"},{"taxonomy":"product_tag","embeddable":true,"href":"https:\/\/jairoperfumes.com\/en\/wp-json\/wp\/v2\/product_tag?post=29649"}],"curies":[{"name":"wp","href":"https:\/\/api.w.org\/{rel}","templated":true}]}}