{"id":29647,"date":"2026-01-06T16:18:24","date_gmt":"2026-01-06T16:18:24","guid":{"rendered":"https:\/\/jairoperfumes.com\/producto\/yara-lattafa-100-ml\/"},"modified":"2026-01-30T22:58:33","modified_gmt":"2026-01-30T22:58:33","slug":"yara-lattafa-100-ml","status":"publish","type":"product","link":"https:\/\/jairoperfumes.com\/en\/product\/yara-lattafa-100-ml\/","title":{"rendered":"Yara Lattafa 100 ML"},"content":{"rendered":"<p>Lattafa Yara es un perfume dulce, cremoso y tropical de la familia olfativa \u00c1mbar Vainilla para mujeres, lanzado en 2020, que destaca por sus notas de orqu\u00eddea, heliotropo y mandarina, un coraz\u00f3n gourmand y de frutas tropicales, y una base c\u00e1lida de vainilla, almizcle y s\u00e1ndalo, ideal para un aroma femenino, alegre y suave. Cantidad: 3.4 onzas \/ 100 ml<\/p>","protected":false},"excerpt":{"rendered":"<p>Lattafa Yara es un perfume dulce, cremoso y tropical de la familia olfativa \u00c1mbar Vainilla para mujeres, lanzado en 2020,<\/p>","protected":false},"featured_media":29747,"template":"","meta":{"_eb_attr":""},"product_brand":[],"product_cat":[413,416,417],"product_tag":[375],"class_list":{"0":"post-29647","1":"product","2":"type-product","3":"status-publish","4":"has-post-thumbnail","6":"product_cat-dulces","7":"product_cat-frutales","8":"product_cat-mujer","9":"product_tag-dulces-frutales","11":"first","12":"instock","13":"shipping-taxable","14":"purchasable","15":"product-type-simple"},"yoast_head":"<!-- This site is optimized with the Yoast SEO plugin v27.1.1 - https:\/\/yoast.com\/product\/yoast-seo-wordpress\/ -->\n<title>Yara Lattafa 100 ML - Jairo<\/title>\n<meta name=\"robots\" content=\"index, follow, max-snippet:-1, max-image-preview:large, max-video-preview:-1\" \/>\n<link rel=\"canonical\" href=\"https:\/\/jairoperfumes.com\/en\/product\/yara-lattafa-100-ml\/\" \/>\n<meta property=\"og:locale\" content=\"en_US\" \/>\n<meta property=\"og:type\" content=\"article\" \/>\n<meta property=\"og:title\" content=\"Yara Lattafa 100 ML - Jairo\" \/>\n<meta property=\"og:description\" content=\"Lattafa Yara es un perfume dulce, cremoso y tropical de la familia olfativa \u00c1mbar Vainilla para mujeres, lanzado en 2020,\" \/>\n<meta property=\"og:url\" content=\"https:\/\/jairoperfumes.com\/en\/product\/yara-lattafa-100-ml\/\" \/>\n<meta property=\"og:site_name\" content=\"Jairo\" \/>\n<meta property=\"article:modified_time\" content=\"2026-01-30T22:58:33+00:00\" \/>\n<meta property=\"og:image\" content=\"https:\/\/jairoperfumes.com\/wp68\/wp-content\/uploads\/2026\/01\/Diseno-sin-titulo-55.png\" \/>\n\t<meta property=\"og:image:width\" content=\"600\" \/>\n\t<meta property=\"og:image:height\" content=\"600\" \/>\n\t<meta property=\"og:image:type\" content=\"image\/png\" \/>\n<meta name=\"twitter:card\" content=\"summary_large_image\" \/>\n<meta name=\"twitter:label1\" content=\"Est. reading time\" \/>\n\t<meta name=\"twitter:data1\" content=\"1 minute\" \/>\n<script type=\"application\/ld+json\" class=\"yoast-schema-graph\">{\"@context\":\"https:\/\/schema.org\",\"@graph\":[{\"@type\":\"WebPage\",\"@id\":\"https:\/\/jairoperfumes.com\/producto\/yara-lattafa-100-ml\/\",\"url\":\"https:\/\/jairoperfumes.com\/producto\/yara-lattafa-100-ml\/\",\"name\":\"Yara Lattafa 100 ML - Jairo\",\"isPartOf\":{\"@id\":\"https:\/\/jairoperfumes.com\/#website\"},\"primaryImageOfPage\":{\"@id\":\"https:\/\/jairoperfumes.com\/producto\/yara-lattafa-100-ml\/#primaryimage\"},\"image\":{\"@id\":\"https:\/\/jairoperfumes.com\/producto\/yara-lattafa-100-ml\/#primaryimage\"},\"thumbnailUrl\":\"https:\/\/jairoperfumes.com\/wp68\/wp-content\/uploads\/2026\/01\/Diseno-sin-titulo-55.png\",\"datePublished\":\"2026-01-06T16:18:24+00:00\",\"dateModified\":\"2026-01-30T22:58:33+00:00\",\"breadcrumb\":{\"@id\":\"https:\/\/jairoperfumes.com\/producto\/yara-lattafa-100-ml\/#breadcrumb\"},\"inLanguage\":\"en-US\",\"potentialAction\":[{\"@type\":\"ReadAction\",\"target\":[\"https:\/\/jairoperfumes.com\/producto\/yara-lattafa-100-ml\/\"]}]},{\"@type\":\"ImageObject\",\"inLanguage\":\"en-US\",\"@id\":\"https:\/\/jairoperfumes.com\/producto\/yara-lattafa-100-ml\/#primaryimage\",\"url\":\"https:\/\/jairoperfumes.com\/wp68\/wp-content\/uploads\/2026\/01\/Diseno-sin-titulo-55.png\",\"contentUrl\":\"https:\/\/jairoperfumes.com\/wp68\/wp-content\/uploads\/2026\/01\/Diseno-sin-titulo-55.png\",\"width\":600,\"height\":600},{\"@type\":\"BreadcrumbList\",\"@id\":\"https:\/\/jairoperfumes.com\/producto\/yara-lattafa-100-ml\/#breadcrumb\",\"itemListElement\":[{\"@type\":\"ListItem\",\"position\":1,\"name\":\"Portada\",\"item\":\"https:\/\/jairoperfumes.com\/\"},{\"@type\":\"ListItem\",\"position\":2,\"name\":\"Tienda\",\"item\":\"https:\/\/jairoperfumes.com\/tienda\/\"},{\"@type\":\"ListItem\",\"position\":3,\"name\":\"Yara Lattafa 100 ML\"}]},{\"@type\":\"WebSite\",\"@id\":\"https:\/\/jairoperfumes.com\/#website\",\"url\":\"https:\/\/jairoperfumes.com\/\",\"name\":\"Jairo Perfumes\",\"description\":\"Perfumes\",\"potentialAction\":[{\"@type\":\"SearchAction\",\"target\":{\"@type\":\"EntryPoint\",\"urlTemplate\":\"https:\/\/jairoperfumes.com\/?s={search_term_string}\"},\"query-input\":{\"@type\":\"PropertyValueSpecification\",\"valueRequired\":true,\"valueName\":\"search_term_string\"}}],\"inLanguage\":\"en-US\"}]}<\/script>\n<!-- \/ Yoast SEO plugin. -->","yoast_head_json":{"title":"Yara Lattafa 100 ML - Jairo","robots":{"index":"index","follow":"follow","max-snippet":"max-snippet:-1","max-image-preview":"max-image-preview:large","max-video-preview":"max-video-preview:-1"},"canonical":"https:\/\/jairoperfumes.com\/en\/product\/yara-lattafa-100-ml\/","og_locale":"en_US","og_type":"article","og_title":"Yara Lattafa 100 ML - Jairo","og_description":"Lattafa Yara es un perfume dulce, cremoso y tropical de la familia olfativa \u00c1mbar Vainilla para mujeres, lanzado en 2020,","og_url":"https:\/\/jairoperfumes.com\/en\/product\/yara-lattafa-100-ml\/","og_site_name":"Jairo","article_modified_time":"2026-01-30T22:58:33+00:00","og_image":[{"width":600,"height":600,"url":"https:\/\/jairoperfumes.com\/wp68\/wp-content\/uploads\/2026\/01\/Diseno-sin-titulo-55.png","type":"image\/png"}],"twitter_card":"summary_large_image","twitter_misc":{"Est. reading time":"1 minute"},"schema":{"@context":"https:\/\/schema.org","@graph":[{"@type":"WebPage","@id":"https:\/\/jairoperfumes.com\/producto\/yara-lattafa-100-ml\/","url":"https:\/\/jairoperfumes.com\/producto\/yara-lattafa-100-ml\/","name":"Yara Lattafa 100 ML - Jairo","isPartOf":{"@id":"https:\/\/jairoperfumes.com\/#website"},"primaryImageOfPage":{"@id":"https:\/\/jairoperfumes.com\/producto\/yara-lattafa-100-ml\/#primaryimage"},"image":{"@id":"https:\/\/jairoperfumes.com\/producto\/yara-lattafa-100-ml\/#primaryimage"},"thumbnailUrl":"https:\/\/jairoperfumes.com\/wp68\/wp-content\/uploads\/2026\/01\/Diseno-sin-titulo-55.png","datePublished":"2026-01-06T16:18:24+00:00","dateModified":"2026-01-30T22:58:33+00:00","breadcrumb":{"@id":"https:\/\/jairoperfumes.com\/producto\/yara-lattafa-100-ml\/#breadcrumb"},"inLanguage":"en-US","potentialAction":[{"@type":"ReadAction","target":["https:\/\/jairoperfumes.com\/producto\/yara-lattafa-100-ml\/"]}]},{"@type":"ImageObject","inLanguage":"en-US","@id":"https:\/\/jairoperfumes.com\/producto\/yara-lattafa-100-ml\/#primaryimage","url":"https:\/\/jairoperfumes.com\/wp68\/wp-content\/uploads\/2026\/01\/Diseno-sin-titulo-55.png","contentUrl":"https:\/\/jairoperfumes.com\/wp68\/wp-content\/uploads\/2026\/01\/Diseno-sin-titulo-55.png","width":600,"height":600},{"@type":"BreadcrumbList","@id":"https:\/\/jairoperfumes.com\/producto\/yara-lattafa-100-ml\/#breadcrumb","itemListElement":[{"@type":"ListItem","position":1,"name":"Portada","item":"https:\/\/jairoperfumes.com\/"},{"@type":"ListItem","position":2,"name":"Tienda","item":"https:\/\/jairoperfumes.com\/tienda\/"},{"@type":"ListItem","position":3,"name":"Yara Lattafa 100 ML"}]},{"@type":"WebSite","@id":"https:\/\/jairoperfumes.com\/#website","url":"https:\/\/jairoperfumes.com\/","name":"Jairo Perfumes","description":"Perfumes","potentialAction":[{"@type":"SearchAction","target":{"@type":"EntryPoint","urlTemplate":"https:\/\/jairoperfumes.com\/?s={search_term_string}"},"query-input":{"@type":"PropertyValueSpecification","valueRequired":true,"valueName":"search_term_string"}}],"inLanguage":"en-US"}]}},"_links":{"self":[{"href":"https:\/\/jairoperfumes.com\/en\/wp-json\/wp\/v2\/product\/29647","targetHints":{"allow":["GET"]}}],"collection":[{"href":"https:\/\/jairoperfumes.com\/en\/wp-json\/wp\/v2\/product"}],"about":[{"href":"https:\/\/jairoperfumes.com\/en\/wp-json\/wp\/v2\/types\/product"}],"version-history":[{"count":1,"href":"https:\/\/jairoperfumes.com\/en\/wp-json\/wp\/v2\/product\/29647\/revisions"}],"predecessor-version":[{"id":29660,"href":"https:\/\/jairoperfumes.com\/en\/wp-json\/wp\/v2\/product\/29647\/revisions\/29660"}],"wp:featuredmedia":[{"embeddable":true,"href":"https:\/\/jairoperfumes.com\/en\/wp-json\/wp\/v2\/media\/29747"}],"wp:attachment":[{"href":"https:\/\/jairoperfumes.com\/en\/wp-json\/wp\/v2\/media?parent=29647"}],"wp:term":[{"taxonomy":"product_brand","embeddable":true,"href":"https:\/\/jairoperfumes.com\/en\/wp-json\/wp\/v2\/product_brand?post=29647"},{"taxonomy":"product_cat","embeddable":true,"href":"https:\/\/jairoperfumes.com\/en\/wp-json\/wp\/v2\/product_cat?post=29647"},{"taxonomy":"product_tag","embeddable":true,"href":"https:\/\/jairoperfumes.com\/en\/wp-json\/wp\/v2\/product_tag?post=29647"}],"curies":[{"name":"wp","href":"https:\/\/api.w.org\/{rel}","templated":true}]}}