{"id":29642,"date":"2026-01-06T16:18:24","date_gmt":"2026-01-06T16:18:24","guid":{"rendered":"https:\/\/jairoperfumes.com\/producto\/lattafa-noble-blush\/"},"modified":"2026-01-30T22:53:56","modified_gmt":"2026-01-30T22:53:56","slug":"lattafa-noble-blush","status":"publish","type":"product","link":"https:\/\/jairoperfumes.com\/en\/product\/lattafa-noble-blush\/","title":{"rendered":"Lattafa Noble Blush"},"content":{"rendered":"<p>Noble Blush de Lattafa es una fragancia femenina Floral Frutal Gourmand, lanzada en 2024, conocida por su aroma dulce y cremoso a leche de rosas, almendras y merengue, con una base c\u00e1lida de vainilla, s\u00e1ndalo y almizcle, ofreciendo una sensaci\u00f3n delicada, juvenil y sofisticada, similar a un milkshake de almendras y rosas, siendo vers\u00e1til y con buena duraci\u00f3n, aunque no excesivamente potente, ideal para uso diario. Cantidad: 3.4 onzas \/ 100 ml<\/p>","protected":false},"excerpt":{"rendered":"<p>Noble Blush de Lattafa es una fragancia femenina Floral Frutal Gourmand, lanzada en 2024, conocida por su aroma dulce y<\/p>","protected":false},"featured_media":29753,"template":"","meta":{"_eb_attr":""},"product_brand":[],"product_cat":[413,416,417],"product_tag":[367,375],"class_list":{"0":"post-29642","1":"product","2":"type-product","3":"status-publish","4":"has-post-thumbnail","6":"product_cat-dulces","7":"product_cat-frutales","8":"product_cat-mujer","9":"product_tag-dulces","10":"product_tag-dulces-frutales","12":"first","13":"instock","14":"shipping-taxable","15":"purchasable","16":"product-type-simple"},"yoast_head":"<!-- This site is optimized with the Yoast SEO plugin v27.1.1 - https:\/\/yoast.com\/product\/yoast-seo-wordpress\/ -->\n<title>Lattafa Noble Blush - Jairo<\/title>\n<meta name=\"robots\" content=\"index, follow, max-snippet:-1, max-image-preview:large, max-video-preview:-1\" \/>\n<link rel=\"canonical\" href=\"https:\/\/jairoperfumes.com\/en\/product\/lattafa-noble-blush\/\" \/>\n<meta property=\"og:locale\" content=\"en_US\" \/>\n<meta property=\"og:type\" content=\"article\" \/>\n<meta property=\"og:title\" content=\"Lattafa Noble Blush - Jairo\" \/>\n<meta property=\"og:description\" content=\"Noble Blush de Lattafa es una fragancia femenina Floral Frutal Gourmand, lanzada en 2024, conocida por su aroma dulce y\" \/>\n<meta property=\"og:url\" content=\"https:\/\/jairoperfumes.com\/en\/product\/lattafa-noble-blush\/\" \/>\n<meta property=\"og:site_name\" content=\"Jairo\" \/>\n<meta property=\"article:modified_time\" content=\"2026-01-30T22:53:56+00:00\" \/>\n<meta property=\"og:image\" content=\"https:\/\/jairoperfumes.com\/wp68\/wp-content\/uploads\/2026\/01\/Diseno-sin-titulo-60.png\" \/>\n\t<meta property=\"og:image:width\" content=\"600\" \/>\n\t<meta property=\"og:image:height\" content=\"600\" \/>\n\t<meta property=\"og:image:type\" content=\"image\/png\" \/>\n<meta name=\"twitter:card\" content=\"summary_large_image\" \/>\n<meta name=\"twitter:label1\" content=\"Est. reading time\" \/>\n\t<meta name=\"twitter:data1\" content=\"1 minute\" \/>\n<script type=\"application\/ld+json\" class=\"yoast-schema-graph\">{\"@context\":\"https:\/\/schema.org\",\"@graph\":[{\"@type\":\"WebPage\",\"@id\":\"https:\/\/jairoperfumes.com\/producto\/lattafa-noble-blush\/\",\"url\":\"https:\/\/jairoperfumes.com\/producto\/lattafa-noble-blush\/\",\"name\":\"Lattafa Noble Blush - Jairo\",\"isPartOf\":{\"@id\":\"https:\/\/jairoperfumes.com\/#website\"},\"primaryImageOfPage\":{\"@id\":\"https:\/\/jairoperfumes.com\/producto\/lattafa-noble-blush\/#primaryimage\"},\"image\":{\"@id\":\"https:\/\/jairoperfumes.com\/producto\/lattafa-noble-blush\/#primaryimage\"},\"thumbnailUrl\":\"https:\/\/jairoperfumes.com\/wp68\/wp-content\/uploads\/2026\/01\/Diseno-sin-titulo-60.png\",\"datePublished\":\"2026-01-06T16:18:24+00:00\",\"dateModified\":\"2026-01-30T22:53:56+00:00\",\"breadcrumb\":{\"@id\":\"https:\/\/jairoperfumes.com\/producto\/lattafa-noble-blush\/#breadcrumb\"},\"inLanguage\":\"en-US\",\"potentialAction\":[{\"@type\":\"ReadAction\",\"target\":[\"https:\/\/jairoperfumes.com\/producto\/lattafa-noble-blush\/\"]}]},{\"@type\":\"ImageObject\",\"inLanguage\":\"en-US\",\"@id\":\"https:\/\/jairoperfumes.com\/producto\/lattafa-noble-blush\/#primaryimage\",\"url\":\"https:\/\/jairoperfumes.com\/wp68\/wp-content\/uploads\/2026\/01\/Diseno-sin-titulo-60.png\",\"contentUrl\":\"https:\/\/jairoperfumes.com\/wp68\/wp-content\/uploads\/2026\/01\/Diseno-sin-titulo-60.png\",\"width\":600,\"height\":600},{\"@type\":\"BreadcrumbList\",\"@id\":\"https:\/\/jairoperfumes.com\/producto\/lattafa-noble-blush\/#breadcrumb\",\"itemListElement\":[{\"@type\":\"ListItem\",\"position\":1,\"name\":\"Portada\",\"item\":\"https:\/\/jairoperfumes.com\/\"},{\"@type\":\"ListItem\",\"position\":2,\"name\":\"Tienda\",\"item\":\"https:\/\/jairoperfumes.com\/tienda\/\"},{\"@type\":\"ListItem\",\"position\":3,\"name\":\"Lattafa Noble Blush\"}]},{\"@type\":\"WebSite\",\"@id\":\"https:\/\/jairoperfumes.com\/#website\",\"url\":\"https:\/\/jairoperfumes.com\/\",\"name\":\"Jairo Perfumes\",\"description\":\"Perfumes\",\"potentialAction\":[{\"@type\":\"SearchAction\",\"target\":{\"@type\":\"EntryPoint\",\"urlTemplate\":\"https:\/\/jairoperfumes.com\/?s={search_term_string}\"},\"query-input\":{\"@type\":\"PropertyValueSpecification\",\"valueRequired\":true,\"valueName\":\"search_term_string\"}}],\"inLanguage\":\"en-US\"}]}<\/script>\n<!-- \/ Yoast SEO plugin. -->","yoast_head_json":{"title":"Lattafa Noble Blush - Jairo","robots":{"index":"index","follow":"follow","max-snippet":"max-snippet:-1","max-image-preview":"max-image-preview:large","max-video-preview":"max-video-preview:-1"},"canonical":"https:\/\/jairoperfumes.com\/en\/product\/lattafa-noble-blush\/","og_locale":"en_US","og_type":"article","og_title":"Lattafa Noble Blush - Jairo","og_description":"Noble Blush de Lattafa es una fragancia femenina Floral Frutal Gourmand, lanzada en 2024, conocida por su aroma dulce y","og_url":"https:\/\/jairoperfumes.com\/en\/product\/lattafa-noble-blush\/","og_site_name":"Jairo","article_modified_time":"2026-01-30T22:53:56+00:00","og_image":[{"width":600,"height":600,"url":"https:\/\/jairoperfumes.com\/wp68\/wp-content\/uploads\/2026\/01\/Diseno-sin-titulo-60.png","type":"image\/png"}],"twitter_card":"summary_large_image","twitter_misc":{"Est. reading time":"1 minute"},"schema":{"@context":"https:\/\/schema.org","@graph":[{"@type":"WebPage","@id":"https:\/\/jairoperfumes.com\/producto\/lattafa-noble-blush\/","url":"https:\/\/jairoperfumes.com\/producto\/lattafa-noble-blush\/","name":"Lattafa Noble Blush - Jairo","isPartOf":{"@id":"https:\/\/jairoperfumes.com\/#website"},"primaryImageOfPage":{"@id":"https:\/\/jairoperfumes.com\/producto\/lattafa-noble-blush\/#primaryimage"},"image":{"@id":"https:\/\/jairoperfumes.com\/producto\/lattafa-noble-blush\/#primaryimage"},"thumbnailUrl":"https:\/\/jairoperfumes.com\/wp68\/wp-content\/uploads\/2026\/01\/Diseno-sin-titulo-60.png","datePublished":"2026-01-06T16:18:24+00:00","dateModified":"2026-01-30T22:53:56+00:00","breadcrumb":{"@id":"https:\/\/jairoperfumes.com\/producto\/lattafa-noble-blush\/#breadcrumb"},"inLanguage":"en-US","potentialAction":[{"@type":"ReadAction","target":["https:\/\/jairoperfumes.com\/producto\/lattafa-noble-blush\/"]}]},{"@type":"ImageObject","inLanguage":"en-US","@id":"https:\/\/jairoperfumes.com\/producto\/lattafa-noble-blush\/#primaryimage","url":"https:\/\/jairoperfumes.com\/wp68\/wp-content\/uploads\/2026\/01\/Diseno-sin-titulo-60.png","contentUrl":"https:\/\/jairoperfumes.com\/wp68\/wp-content\/uploads\/2026\/01\/Diseno-sin-titulo-60.png","width":600,"height":600},{"@type":"BreadcrumbList","@id":"https:\/\/jairoperfumes.com\/producto\/lattafa-noble-blush\/#breadcrumb","itemListElement":[{"@type":"ListItem","position":1,"name":"Portada","item":"https:\/\/jairoperfumes.com\/"},{"@type":"ListItem","position":2,"name":"Tienda","item":"https:\/\/jairoperfumes.com\/tienda\/"},{"@type":"ListItem","position":3,"name":"Lattafa Noble Blush"}]},{"@type":"WebSite","@id":"https:\/\/jairoperfumes.com\/#website","url":"https:\/\/jairoperfumes.com\/","name":"Jairo Perfumes","description":"Perfumes","potentialAction":[{"@type":"SearchAction","target":{"@type":"EntryPoint","urlTemplate":"https:\/\/jairoperfumes.com\/?s={search_term_string}"},"query-input":{"@type":"PropertyValueSpecification","valueRequired":true,"valueName":"search_term_string"}}],"inLanguage":"en-US"}]}},"_links":{"self":[{"href":"https:\/\/jairoperfumes.com\/en\/wp-json\/wp\/v2\/product\/29642","targetHints":{"allow":["GET"]}}],"collection":[{"href":"https:\/\/jairoperfumes.com\/en\/wp-json\/wp\/v2\/product"}],"about":[{"href":"https:\/\/jairoperfumes.com\/en\/wp-json\/wp\/v2\/types\/product"}],"version-history":[{"count":1,"href":"https:\/\/jairoperfumes.com\/en\/wp-json\/wp\/v2\/product\/29642\/revisions"}],"predecessor-version":[{"id":29665,"href":"https:\/\/jairoperfumes.com\/en\/wp-json\/wp\/v2\/product\/29642\/revisions\/29665"}],"wp:featuredmedia":[{"embeddable":true,"href":"https:\/\/jairoperfumes.com\/en\/wp-json\/wp\/v2\/media\/29753"}],"wp:attachment":[{"href":"https:\/\/jairoperfumes.com\/en\/wp-json\/wp\/v2\/media?parent=29642"}],"wp:term":[{"taxonomy":"product_brand","embeddable":true,"href":"https:\/\/jairoperfumes.com\/en\/wp-json\/wp\/v2\/product_brand?post=29642"},{"taxonomy":"product_cat","embeddable":true,"href":"https:\/\/jairoperfumes.com\/en\/wp-json\/wp\/v2\/product_cat?post=29642"},{"taxonomy":"product_tag","embeddable":true,"href":"https:\/\/jairoperfumes.com\/en\/wp-json\/wp\/v2\/product_tag?post=29642"}],"curies":[{"name":"wp","href":"https:\/\/api.w.org\/{rel}","templated":true}]}}