{"id":29635,"date":"2026-01-06T16:18:24","date_gmt":"2026-01-06T16:18:24","guid":{"rendered":"https:\/\/jairoperfumes.com\/producto\/mandarin-sky-armaf-100-ml\/"},"modified":"2026-02-12T18:33:40","modified_gmt":"2026-02-12T18:33:40","slug":"mandarin-sky-armaf-100-ml-2","status":"publish","type":"product","link":"https:\/\/jairoperfumes.com\/en\/product\/mandarin-sky-armaf-100-ml-2\/","title":{"rendered":"Mandarin Sky Elixir Armaf 100ml"},"content":{"rendered":"<p>Armaf Odyssey Mandarin Sky Elixir (2025) es una fragancia oriental amaderada para hombre, dise\u00f1ada para ser intensa, dulce y duradera, con una longevidad superior a 9 horas. Ofrece una apertura fresca de mandarina y naranja, seguida de un coraz\u00f3n c\u00e1lido de caramelo y haba tonka, ideal para climas fr\u00edos, noches y citas, similar a Scandal Pour Homme.<\/p>","protected":false},"excerpt":{"rendered":"<p>Armaf Odyssey Mandarin Sky Elixir (2025) es una fragancia oriental amaderada para hombre, dise\u00f1ada para ser intensa, dulce y duradera,<\/p>","protected":false},"featured_media":30751,"template":"","meta":{"_eb_attr":""},"product_brand":[],"product_cat":[410,412,413,409,421],"product_tag":[379,367,360],"class_list":{"0":"post-29635","1":"product","2":"type-product","3":"status-publish","4":"has-post-thumbnail","6":"product_cat-arabes","7":"product_cat-citricos","8":"product_cat-dulces","9":"product_cat-hombre","10":"product_cat-ofertas","11":"product_tag-citricos","12":"product_tag-dulces","13":"product_tag-frescos","15":"first","16":"instock","17":"sale","18":"shipping-taxable","19":"purchasable","20":"product-type-simple"},"yoast_head":"<!-- This site is optimized with the Yoast SEO plugin v27.1.1 - https:\/\/yoast.com\/product\/yoast-seo-wordpress\/ -->\n<title>Mandarin Sky Elixir Armaf 100ml - Jairo<\/title>\n<meta name=\"robots\" content=\"index, follow, max-snippet:-1, max-image-preview:large, max-video-preview:-1\" \/>\n<link rel=\"canonical\" href=\"https:\/\/jairoperfumes.com\/en\/product\/mandarin-sky-armaf-100-ml-2\/\" \/>\n<meta property=\"og:locale\" content=\"en_US\" \/>\n<meta property=\"og:type\" content=\"article\" \/>\n<meta property=\"og:title\" content=\"Mandarin Sky Elixir Armaf 100ml - Jairo\" \/>\n<meta property=\"og:description\" content=\"Armaf Odyssey Mandarin Sky Elixir (2025) es una fragancia oriental amaderada para hombre, dise\u00f1ada para ser intensa, dulce y duradera,\" \/>\n<meta property=\"og:url\" content=\"https:\/\/jairoperfumes.com\/en\/product\/mandarin-sky-armaf-100-ml-2\/\" \/>\n<meta property=\"og:site_name\" content=\"Jairo\" \/>\n<meta property=\"article:modified_time\" content=\"2026-02-12T18:33:40+00:00\" \/>\n<meta property=\"og:image\" content=\"https:\/\/jairoperfumes.com\/wp68\/wp-content\/uploads\/2026\/01\/Diseno-sin-titulo-17.png\" \/>\n\t<meta property=\"og:image:width\" content=\"600\" \/>\n\t<meta property=\"og:image:height\" content=\"600\" \/>\n\t<meta property=\"og:image:type\" content=\"image\/png\" \/>\n<meta name=\"twitter:card\" content=\"summary_large_image\" \/>\n<meta name=\"twitter:label1\" content=\"Est. reading time\" \/>\n\t<meta name=\"twitter:data1\" content=\"1 minute\" \/>\n<script type=\"application\/ld+json\" class=\"yoast-schema-graph\">{\"@context\":\"https:\/\/schema.org\",\"@graph\":[{\"@type\":\"WebPage\",\"@id\":\"https:\/\/jairoperfumes.com\/producto\/mandarin-sky-armaf-100-ml-2\/\",\"url\":\"https:\/\/jairoperfumes.com\/producto\/mandarin-sky-armaf-100-ml-2\/\",\"name\":\"Mandarin Sky Elixir Armaf 100ml - Jairo\",\"isPartOf\":{\"@id\":\"https:\/\/jairoperfumes.com\/#website\"},\"primaryImageOfPage\":{\"@id\":\"https:\/\/jairoperfumes.com\/producto\/mandarin-sky-armaf-100-ml-2\/#primaryimage\"},\"image\":{\"@id\":\"https:\/\/jairoperfumes.com\/producto\/mandarin-sky-armaf-100-ml-2\/#primaryimage\"},\"thumbnailUrl\":\"https:\/\/jairoperfumes.com\/wp68\/wp-content\/uploads\/2026\/01\/Diseno-sin-titulo-17.png\",\"datePublished\":\"2026-01-06T16:18:24+00:00\",\"dateModified\":\"2026-02-12T18:33:40+00:00\",\"breadcrumb\":{\"@id\":\"https:\/\/jairoperfumes.com\/producto\/mandarin-sky-armaf-100-ml-2\/#breadcrumb\"},\"inLanguage\":\"en-US\",\"potentialAction\":[{\"@type\":\"ReadAction\",\"target\":[\"https:\/\/jairoperfumes.com\/producto\/mandarin-sky-armaf-100-ml-2\/\"]}]},{\"@type\":\"ImageObject\",\"inLanguage\":\"en-US\",\"@id\":\"https:\/\/jairoperfumes.com\/producto\/mandarin-sky-armaf-100-ml-2\/#primaryimage\",\"url\":\"https:\/\/jairoperfumes.com\/wp68\/wp-content\/uploads\/2026\/01\/Diseno-sin-titulo-17.png\",\"contentUrl\":\"https:\/\/jairoperfumes.com\/wp68\/wp-content\/uploads\/2026\/01\/Diseno-sin-titulo-17.png\",\"width\":600,\"height\":600},{\"@type\":\"BreadcrumbList\",\"@id\":\"https:\/\/jairoperfumes.com\/producto\/mandarin-sky-armaf-100-ml-2\/#breadcrumb\",\"itemListElement\":[{\"@type\":\"ListItem\",\"position\":1,\"name\":\"Portada\",\"item\":\"https:\/\/jairoperfumes.com\/\"},{\"@type\":\"ListItem\",\"position\":2,\"name\":\"Tienda\",\"item\":\"https:\/\/jairoperfumes.com\/tienda\/\"},{\"@type\":\"ListItem\",\"position\":3,\"name\":\"Mandarin Sky Elixir Armaf 100ml\"}]},{\"@type\":\"WebSite\",\"@id\":\"https:\/\/jairoperfumes.com\/#website\",\"url\":\"https:\/\/jairoperfumes.com\/\",\"name\":\"Jairo Perfumes\",\"description\":\"Perfumes\",\"potentialAction\":[{\"@type\":\"SearchAction\",\"target\":{\"@type\":\"EntryPoint\",\"urlTemplate\":\"https:\/\/jairoperfumes.com\/?s={search_term_string}\"},\"query-input\":{\"@type\":\"PropertyValueSpecification\",\"valueRequired\":true,\"valueName\":\"search_term_string\"}}],\"inLanguage\":\"en-US\"}]}<\/script>\n<!-- \/ Yoast SEO plugin. -->","yoast_head_json":{"title":"Mandarin Sky Elixir Armaf 100ml - Jairo","robots":{"index":"index","follow":"follow","max-snippet":"max-snippet:-1","max-image-preview":"max-image-preview:large","max-video-preview":"max-video-preview:-1"},"canonical":"https:\/\/jairoperfumes.com\/en\/product\/mandarin-sky-armaf-100-ml-2\/","og_locale":"en_US","og_type":"article","og_title":"Mandarin Sky Elixir Armaf 100ml - Jairo","og_description":"Armaf Odyssey Mandarin Sky Elixir (2025) es una fragancia oriental amaderada para hombre, dise\u00f1ada para ser intensa, dulce y duradera,","og_url":"https:\/\/jairoperfumes.com\/en\/product\/mandarin-sky-armaf-100-ml-2\/","og_site_name":"Jairo","article_modified_time":"2026-02-12T18:33:40+00:00","og_image":[{"width":600,"height":600,"url":"https:\/\/jairoperfumes.com\/wp68\/wp-content\/uploads\/2026\/01\/Diseno-sin-titulo-17.png","type":"image\/png"}],"twitter_card":"summary_large_image","twitter_misc":{"Est. reading time":"1 minute"},"schema":{"@context":"https:\/\/schema.org","@graph":[{"@type":"WebPage","@id":"https:\/\/jairoperfumes.com\/producto\/mandarin-sky-armaf-100-ml-2\/","url":"https:\/\/jairoperfumes.com\/producto\/mandarin-sky-armaf-100-ml-2\/","name":"Mandarin Sky Elixir Armaf 100ml - Jairo","isPartOf":{"@id":"https:\/\/jairoperfumes.com\/#website"},"primaryImageOfPage":{"@id":"https:\/\/jairoperfumes.com\/producto\/mandarin-sky-armaf-100-ml-2\/#primaryimage"},"image":{"@id":"https:\/\/jairoperfumes.com\/producto\/mandarin-sky-armaf-100-ml-2\/#primaryimage"},"thumbnailUrl":"https:\/\/jairoperfumes.com\/wp68\/wp-content\/uploads\/2026\/01\/Diseno-sin-titulo-17.png","datePublished":"2026-01-06T16:18:24+00:00","dateModified":"2026-02-12T18:33:40+00:00","breadcrumb":{"@id":"https:\/\/jairoperfumes.com\/producto\/mandarin-sky-armaf-100-ml-2\/#breadcrumb"},"inLanguage":"en-US","potentialAction":[{"@type":"ReadAction","target":["https:\/\/jairoperfumes.com\/producto\/mandarin-sky-armaf-100-ml-2\/"]}]},{"@type":"ImageObject","inLanguage":"en-US","@id":"https:\/\/jairoperfumes.com\/producto\/mandarin-sky-armaf-100-ml-2\/#primaryimage","url":"https:\/\/jairoperfumes.com\/wp68\/wp-content\/uploads\/2026\/01\/Diseno-sin-titulo-17.png","contentUrl":"https:\/\/jairoperfumes.com\/wp68\/wp-content\/uploads\/2026\/01\/Diseno-sin-titulo-17.png","width":600,"height":600},{"@type":"BreadcrumbList","@id":"https:\/\/jairoperfumes.com\/producto\/mandarin-sky-armaf-100-ml-2\/#breadcrumb","itemListElement":[{"@type":"ListItem","position":1,"name":"Portada","item":"https:\/\/jairoperfumes.com\/"},{"@type":"ListItem","position":2,"name":"Tienda","item":"https:\/\/jairoperfumes.com\/tienda\/"},{"@type":"ListItem","position":3,"name":"Mandarin Sky Elixir Armaf 100ml"}]},{"@type":"WebSite","@id":"https:\/\/jairoperfumes.com\/#website","url":"https:\/\/jairoperfumes.com\/","name":"Jairo Perfumes","description":"Perfumes","potentialAction":[{"@type":"SearchAction","target":{"@type":"EntryPoint","urlTemplate":"https:\/\/jairoperfumes.com\/?s={search_term_string}"},"query-input":{"@type":"PropertyValueSpecification","valueRequired":true,"valueName":"search_term_string"}}],"inLanguage":"en-US"}]}},"_links":{"self":[{"href":"https:\/\/jairoperfumes.com\/en\/wp-json\/wp\/v2\/product\/29635","targetHints":{"allow":["GET"]}}],"collection":[{"href":"https:\/\/jairoperfumes.com\/en\/wp-json\/wp\/v2\/product"}],"about":[{"href":"https:\/\/jairoperfumes.com\/en\/wp-json\/wp\/v2\/types\/product"}],"version-history":[{"count":3,"href":"https:\/\/jairoperfumes.com\/en\/wp-json\/wp\/v2\/product\/29635\/revisions"}],"predecessor-version":[{"id":30666,"href":"https:\/\/jairoperfumes.com\/en\/wp-json\/wp\/v2\/product\/29635\/revisions\/30666"}],"wp:featuredmedia":[{"embeddable":true,"href":"https:\/\/jairoperfumes.com\/en\/wp-json\/wp\/v2\/media\/30751"}],"wp:attachment":[{"href":"https:\/\/jairoperfumes.com\/en\/wp-json\/wp\/v2\/media?parent=29635"}],"wp:term":[{"taxonomy":"product_brand","embeddable":true,"href":"https:\/\/jairoperfumes.com\/en\/wp-json\/wp\/v2\/product_brand?post=29635"},{"taxonomy":"product_cat","embeddable":true,"href":"https:\/\/jairoperfumes.com\/en\/wp-json\/wp\/v2\/product_cat?post=29635"},{"taxonomy":"product_tag","embeddable":true,"href":"https:\/\/jairoperfumes.com\/en\/wp-json\/wp\/v2\/product_tag?post=29635"}],"curies":[{"name":"wp","href":"https:\/\/api.w.org\/{rel}","templated":true}]}}