{"id":3,"date":"2025-12-23T16:28:23","date_gmt":"2025-12-23T16:28:23","guid":{"rendered":"https:\/\/jairoperfumes.com\/wp68\/?page_id=3"},"modified":"2026-02-11T13:19:31","modified_gmt":"2026-02-11T13:19:31","slug":"privacy-policy","status":"publish","type":"page","link":"https:\/\/jairoperfumes.com\/en\/privacy-policy\/","title":{"rendered":"Pol\u00edtica de privacidad"},"content":{"rendered":"<div data-elementor-type=\"wp-page\" data-elementor-id=\"3\" class=\"elementor elementor-3\">\n\t\t\t\t<div class=\"wd-negative-gap elementor-element elementor-element-b4d46ac e-flex e-con-boxed e-con e-parent\" data-id=\"b4d46ac\" data-element_type=\"container\" data-e-type=\"container\">\n\t\t\t\t\t<div class=\"e-con-inner\">\n\t\t\t\t<div class=\"elementor-element elementor-element-16ea13a4 color-scheme-inherit text-left elementor-widget elementor-widget-text-editor\" data-id=\"16ea13a4\" data-element_type=\"widget\" data-e-type=\"widget\" data-widget_type=\"text-editor.default\">\n\t\t\t\t\t\t\t\t\t\n<p><span style=\"font-weight: 400;\">POL\u00cdTICA DE PRIVACIDAD\u00a0<\/span><\/p>\n<p>\u00a0<\/p>\n<p><span style=\"font-weight: 400;\">En Jairo Perfumes protegemos tus datos personales conforme a la Ley 1581 de 2012.<\/span><\/p>\n<p><span style=\"font-weight: 400;\">La informaci\u00f3n que recopilamos (nombre, contacto y datos de compra) se utiliza \u00fanicamente para gestionar pedidos, mejorar nuestros servicios y enviarte promociones si as\u00ed lo autorizas.<\/span><\/p>\n<p>\u00a0<\/p>\n<p><span style=\"font-weight: 400;\">No vendemos ni compartimos tus datos con terceros sin tu consentimiento, salvo obligaci\u00f3n legal.<\/span><\/p>\n<p><span style=\"font-weight: 400;\">Puedes conocer, actualizar o eliminar tu informaci\u00f3n en cualquier momento contact\u00e1ndonos por nuestros canales oficiales.<\/span><\/p>\n<p>\u00a0<\/p>\n<p><span style=\"font-weight: 400;\">Este sitio utiliza cookies para mejorar la experiencia de navegaci\u00f3n.<\/span><\/p>\n<p><span style=\"font-weight: 400;\">Jairo Perfumes se reserva el derecho de modificar esta pol\u00edtica cuando sea necesario.<\/span><\/p>\t\t\t\t\t\t\t\t<\/div>\n\t\t\t\t\t<\/div>\n\t\t\t\t<\/div>\n\t\t\t\t<\/div>","protected":false},"excerpt":{"rendered":"<p>POL\u00cdTICA DE PRIVACIDAD\u00a0 \u00a0 En Jairo Perfumes protegemos tus datos personales conforme a la Ley 1581 de 2012. La informaci\u00f3n<\/p>","protected":false},"author":1,"featured_media":0,"parent":0,"menu_order":0,"comment_status":"closed","ping_status":"open","template":"","meta":{"_eb_attr":"","footnotes":""},"class_list":["post-3","page","type-page","status-publish","hentry"],"yoast_head":"<!-- This site is optimized with the Yoast SEO plugin v27.1.1 - https:\/\/yoast.com\/product\/yoast-seo-wordpress\/ -->\n<title>Pol\u00edtica de privacidad - Jairo<\/title>\n<meta name=\"robots\" content=\"index, follow, max-snippet:-1, max-image-preview:large, max-video-preview:-1\" \/>\n<link rel=\"canonical\" href=\"https:\/\/jairoperfumes.com\/en\/privacy-policy\/\" \/>\n<meta property=\"og:locale\" content=\"en_US\" \/>\n<meta property=\"og:type\" content=\"article\" \/>\n<meta property=\"og:title\" content=\"Pol\u00edtica de privacidad - Jairo\" \/>\n<meta property=\"og:description\" content=\"POL\u00cdTICA DE PRIVACIDAD\u00a0 \u00a0 En Jairo Perfumes protegemos tus datos personales conforme a la Ley 1581 de 2012. La informaci\u00f3n\" \/>\n<meta property=\"og:url\" content=\"https:\/\/jairoperfumes.com\/en\/privacy-policy\/\" \/>\n<meta property=\"og:site_name\" content=\"Jairo\" \/>\n<meta property=\"article:modified_time\" content=\"2026-02-11T13:19:31+00:00\" \/>\n<meta name=\"twitter:card\" content=\"summary_large_image\" \/>\n<meta name=\"twitter:label1\" content=\"Est. reading time\" \/>\n\t<meta name=\"twitter:data1\" content=\"1 minute\" \/>\n<script type=\"application\/ld+json\" class=\"yoast-schema-graph\">{\"@context\":\"https:\/\/schema.org\",\"@graph\":[{\"@type\":\"WebPage\",\"@id\":\"https:\/\/jairoperfumes.com\/privacy-policy\/\",\"url\":\"https:\/\/jairoperfumes.com\/privacy-policy\/\",\"name\":\"Pol\u00edtica de privacidad - Jairo\",\"isPartOf\":{\"@id\":\"https:\/\/jairoperfumes.com\/#website\"},\"datePublished\":\"2025-12-23T16:28:23+00:00\",\"dateModified\":\"2026-02-11T13:19:31+00:00\",\"breadcrumb\":{\"@id\":\"https:\/\/jairoperfumes.com\/privacy-policy\/#breadcrumb\"},\"inLanguage\":\"en-US\",\"potentialAction\":[{\"@type\":\"ReadAction\",\"target\":[\"https:\/\/jairoperfumes.com\/privacy-policy\/\"]}]},{\"@type\":\"BreadcrumbList\",\"@id\":\"https:\/\/jairoperfumes.com\/privacy-policy\/#breadcrumb\",\"itemListElement\":[{\"@type\":\"ListItem\",\"position\":1,\"name\":\"Portada\",\"item\":\"https:\/\/jairoperfumes.com\/\"},{\"@type\":\"ListItem\",\"position\":2,\"name\":\"Pol\u00edtica de privacidad\"}]},{\"@type\":\"WebSite\",\"@id\":\"https:\/\/jairoperfumes.com\/#website\",\"url\":\"https:\/\/jairoperfumes.com\/\",\"name\":\"Jairo Perfumes\",\"description\":\"Perfumes\",\"potentialAction\":[{\"@type\":\"SearchAction\",\"target\":{\"@type\":\"EntryPoint\",\"urlTemplate\":\"https:\/\/jairoperfumes.com\/?s={search_term_string}\"},\"query-input\":{\"@type\":\"PropertyValueSpecification\",\"valueRequired\":true,\"valueName\":\"search_term_string\"}}],\"inLanguage\":\"en-US\"}]}<\/script>\n<!-- \/ Yoast SEO plugin. -->","yoast_head_json":{"title":"Pol\u00edtica de privacidad - Jairo","robots":{"index":"index","follow":"follow","max-snippet":"max-snippet:-1","max-image-preview":"max-image-preview:large","max-video-preview":"max-video-preview:-1"},"canonical":"https:\/\/jairoperfumes.com\/en\/privacy-policy\/","og_locale":"en_US","og_type":"article","og_title":"Pol\u00edtica de privacidad - Jairo","og_description":"POL\u00cdTICA DE PRIVACIDAD\u00a0 \u00a0 En Jairo Perfumes protegemos tus datos personales conforme a la Ley 1581 de 2012. La informaci\u00f3n","og_url":"https:\/\/jairoperfumes.com\/en\/privacy-policy\/","og_site_name":"Jairo","article_modified_time":"2026-02-11T13:19:31+00:00","twitter_card":"summary_large_image","twitter_misc":{"Est. reading time":"1 minute"},"schema":{"@context":"https:\/\/schema.org","@graph":[{"@type":"WebPage","@id":"https:\/\/jairoperfumes.com\/privacy-policy\/","url":"https:\/\/jairoperfumes.com\/privacy-policy\/","name":"Pol\u00edtica de privacidad - Jairo","isPartOf":{"@id":"https:\/\/jairoperfumes.com\/#website"},"datePublished":"2025-12-23T16:28:23+00:00","dateModified":"2026-02-11T13:19:31+00:00","breadcrumb":{"@id":"https:\/\/jairoperfumes.com\/privacy-policy\/#breadcrumb"},"inLanguage":"en-US","potentialAction":[{"@type":"ReadAction","target":["https:\/\/jairoperfumes.com\/privacy-policy\/"]}]},{"@type":"BreadcrumbList","@id":"https:\/\/jairoperfumes.com\/privacy-policy\/#breadcrumb","itemListElement":[{"@type":"ListItem","position":1,"name":"Portada","item":"https:\/\/jairoperfumes.com\/"},{"@type":"ListItem","position":2,"name":"Pol\u00edtica de privacidad"}]},{"@type":"WebSite","@id":"https:\/\/jairoperfumes.com\/#website","url":"https:\/\/jairoperfumes.com\/","name":"Jairo Perfumes","description":"Perfumes","potentialAction":[{"@type":"SearchAction","target":{"@type":"EntryPoint","urlTemplate":"https:\/\/jairoperfumes.com\/?s={search_term_string}"},"query-input":{"@type":"PropertyValueSpecification","valueRequired":true,"valueName":"search_term_string"}}],"inLanguage":"en-US"}]}},"_links":{"self":[{"href":"https:\/\/jairoperfumes.com\/en\/wp-json\/wp\/v2\/pages\/3","targetHints":{"allow":["GET"]}}],"collection":[{"href":"https:\/\/jairoperfumes.com\/en\/wp-json\/wp\/v2\/pages"}],"about":[{"href":"https:\/\/jairoperfumes.com\/en\/wp-json\/wp\/v2\/types\/page"}],"author":[{"embeddable":true,"href":"https:\/\/jairoperfumes.com\/en\/wp-json\/wp\/v2\/users\/1"}],"replies":[{"embeddable":true,"href":"https:\/\/jairoperfumes.com\/en\/wp-json\/wp\/v2\/comments?post=3"}],"version-history":[{"count":9,"href":"https:\/\/jairoperfumes.com\/en\/wp-json\/wp\/v2\/pages\/3\/revisions"}],"predecessor-version":[{"id":30676,"href":"https:\/\/jairoperfumes.com\/en\/wp-json\/wp\/v2\/pages\/3\/revisions\/30676"}],"wp:attachment":[{"href":"https:\/\/jairoperfumes.com\/en\/wp-json\/wp\/v2\/media?parent=3"}],"curies":[{"name":"wp","href":"https:\/\/api.w.org\/{rel}","templated":true}]}}