{"id":19,"date":"2022-09-07T13:51:58","date_gmt":"2022-09-07T13:51:58","guid":{"rendered":"http:\/\/dummy.xtemos.com\/woodmart2\/accessories-elementor\/?page_id=19"},"modified":"2022-09-07T13:51:58","modified_gmt":"2022-09-07T13:51:58","slug":"compare","status":"publish","type":"page","link":"https:\/\/jairoperfumes.com\/en\/compare\/","title":{"rendered":"Comparar"},"content":{"rendered":"<div data-elementor-type=\"wp-page\" data-elementor-id=\"19\" class=\"elementor elementor-19\">\n\t\t\t\t\t\t<section class=\"wd-negative-gap elementor-section elementor-top-section elementor-element elementor-element-4da47f8 elementor-section-boxed elementor-section-height-default elementor-section-height-default\" data-id=\"4da47f8\" data-element_type=\"section\" data-e-type=\"section\">\n\t\t\t\t\t\t<div class=\"elementor-container elementor-column-gap-default\">\n\t\t\t\t\t<div class=\"elementor-column elementor-col-100 elementor-top-column elementor-element elementor-element-51f97bfc\" data-id=\"51f97bfc\" data-element_type=\"column\" data-e-type=\"column\">\n\t\t\t<div class=\"elementor-widget-wrap elementor-element-populated\">\n\t\t\t\t\t\t<div class=\"elementor-element elementor-element-6b8678c9 color-scheme-inherit text-left elementor-widget elementor-widget-text-editor\" data-id=\"6b8678c9\" data-element_type=\"widget\" data-e-type=\"widget\" data-widget_type=\"text-editor.default\">\n\t\t\t\t\t\t\t\t\t\n\t\t<p class=\"wd-empty-compare wd-empty-page\">\n\t\t\tCompare list is empty.\t\t<\/p>\n\t\t\t\t\t<div class=\"wd-empty-page-text\">\n\t\t\t\tNo hay productos a\u00f1adidos a la lista de comparaci\u00f3n. Debe a\u00f1adir algunos productos para compararlos. Encontrar\u00e1 muchos productos interesantes en nuestra p\u00e1gina \u00abTienda\u00bb.\t\t\t<\/div>\n\t\t\t\t<p class=\"return-to-shop\">\n\t\t\t<a class=\"button\" href=\"https:\/\/jairoperfumes.com\/en\/tienda\/\">\n\t\t\t\tReturn to shop\t\t\t<\/a>\n\t\t<\/p>\n\t\t\n\t\t\t\t\t\t\t\t<\/div>\n\t\t\t\t\t<\/div>\n\t\t<\/div>\n\t\t\t\t\t<\/div>\n\t\t<\/section>\n\t\t\t\t<\/div>","protected":false},"excerpt":{"rendered":"","protected":false},"author":1,"featured_media":0,"parent":0,"menu_order":0,"comment_status":"closed","ping_status":"closed","template":"","meta":{"_eb_attr":"","footnotes":""},"class_list":["post-19","page","type-page","status-publish","hentry"],"yoast_head":"<!-- This site is optimized with the Yoast SEO plugin v27.1.1 - https:\/\/yoast.com\/product\/yoast-seo-wordpress\/ -->\n<title>Compare - Jairo<\/title>\n<meta name=\"robots\" content=\"index, follow, max-snippet:-1, max-image-preview:large, max-video-preview:-1\" \/>\n<link rel=\"canonical\" href=\"https:\/\/jairoperfumes.com\/en\/compare\/\" \/>\n<meta property=\"og:locale\" content=\"en_US\" \/>\n<meta property=\"og:type\" content=\"article\" \/>\n<meta property=\"og:title\" content=\"Compare - Jairo\" \/>\n<meta property=\"og:url\" content=\"https:\/\/jairoperfumes.com\/en\/compare\/\" \/>\n<meta property=\"og:site_name\" content=\"Jairo\" \/>\n<meta name=\"twitter:card\" content=\"summary_large_image\" \/>\n<script type=\"application\/ld+json\" class=\"yoast-schema-graph\">{\"@context\":\"https:\/\/schema.org\",\"@graph\":[{\"@type\":\"WebPage\",\"@id\":\"https:\/\/jairoperfumes.com\/compare\/\",\"url\":\"https:\/\/jairoperfumes.com\/compare\/\",\"name\":\"Compare - Jairo\",\"isPartOf\":{\"@id\":\"https:\/\/jairoperfumes.com\/#website\"},\"datePublished\":\"2022-09-07T13:51:58+00:00\",\"breadcrumb\":{\"@id\":\"https:\/\/jairoperfumes.com\/compare\/#breadcrumb\"},\"inLanguage\":\"en-US\",\"potentialAction\":[{\"@type\":\"ReadAction\",\"target\":[\"https:\/\/jairoperfumes.com\/compare\/\"]}]},{\"@type\":\"BreadcrumbList\",\"@id\":\"https:\/\/jairoperfumes.com\/compare\/#breadcrumb\",\"itemListElement\":[{\"@type\":\"ListItem\",\"position\":1,\"name\":\"Portada\",\"item\":\"https:\/\/jairoperfumes.com\/\"},{\"@type\":\"ListItem\",\"position\":2,\"name\":\"Compare\"}]},{\"@type\":\"WebSite\",\"@id\":\"https:\/\/jairoperfumes.com\/#website\",\"url\":\"https:\/\/jairoperfumes.com\/\",\"name\":\"Jairo Perfumes\",\"description\":\"Perfumes\",\"potentialAction\":[{\"@type\":\"SearchAction\",\"target\":{\"@type\":\"EntryPoint\",\"urlTemplate\":\"https:\/\/jairoperfumes.com\/?s={search_term_string}\"},\"query-input\":{\"@type\":\"PropertyValueSpecification\",\"valueRequired\":true,\"valueName\":\"search_term_string\"}}],\"inLanguage\":\"en-US\"}]}<\/script>\n<!-- \/ Yoast SEO plugin. -->","yoast_head_json":{"title":"Compare - Jairo","robots":{"index":"index","follow":"follow","max-snippet":"max-snippet:-1","max-image-preview":"max-image-preview:large","max-video-preview":"max-video-preview:-1"},"canonical":"https:\/\/jairoperfumes.com\/en\/compare\/","og_locale":"en_US","og_type":"article","og_title":"Compare - Jairo","og_url":"https:\/\/jairoperfumes.com\/en\/compare\/","og_site_name":"Jairo","twitter_card":"summary_large_image","schema":{"@context":"https:\/\/schema.org","@graph":[{"@type":"WebPage","@id":"https:\/\/jairoperfumes.com\/compare\/","url":"https:\/\/jairoperfumes.com\/compare\/","name":"Compare - Jairo","isPartOf":{"@id":"https:\/\/jairoperfumes.com\/#website"},"datePublished":"2022-09-07T13:51:58+00:00","breadcrumb":{"@id":"https:\/\/jairoperfumes.com\/compare\/#breadcrumb"},"inLanguage":"en-US","potentialAction":[{"@type":"ReadAction","target":["https:\/\/jairoperfumes.com\/compare\/"]}]},{"@type":"BreadcrumbList","@id":"https:\/\/jairoperfumes.com\/compare\/#breadcrumb","itemListElement":[{"@type":"ListItem","position":1,"name":"Portada","item":"https:\/\/jairoperfumes.com\/"},{"@type":"ListItem","position":2,"name":"Compare"}]},{"@type":"WebSite","@id":"https:\/\/jairoperfumes.com\/#website","url":"https:\/\/jairoperfumes.com\/","name":"Jairo Perfumes","description":"Perfumes","potentialAction":[{"@type":"SearchAction","target":{"@type":"EntryPoint","urlTemplate":"https:\/\/jairoperfumes.com\/?s={search_term_string}"},"query-input":{"@type":"PropertyValueSpecification","valueRequired":true,"valueName":"search_term_string"}}],"inLanguage":"en-US"}]}},"_links":{"self":[{"href":"https:\/\/jairoperfumes.com\/en\/wp-json\/wp\/v2\/pages\/19","targetHints":{"allow":["GET"]}}],"collection":[{"href":"https:\/\/jairoperfumes.com\/en\/wp-json\/wp\/v2\/pages"}],"about":[{"href":"https:\/\/jairoperfumes.com\/en\/wp-json\/wp\/v2\/types\/page"}],"author":[{"embeddable":true,"href":"https:\/\/jairoperfumes.com\/en\/wp-json\/wp\/v2\/users\/1"}],"replies":[{"embeddable":true,"href":"https:\/\/jairoperfumes.com\/en\/wp-json\/wp\/v2\/comments?post=19"}],"version-history":[{"count":0,"href":"https:\/\/jairoperfumes.com\/en\/wp-json\/wp\/v2\/pages\/19\/revisions"}],"wp:attachment":[{"href":"https:\/\/jairoperfumes.com\/en\/wp-json\/wp\/v2\/media?parent=19"}],"curies":[{"name":"wp","href":"https:\/\/api.w.org\/{rel}","templated":true}]}}